{"id":2,"date":"2024-04-09T03:01:35","date_gmt":"2024-04-09T01:01:35","guid":{"rendered":"https:\/\/objetivos.net\/eclipsemental\/?page_id=2"},"modified":"2024-04-16T02:54:36","modified_gmt":"2024-04-16T00:54:36","slug":"pagina-ejemplo","status":"publish","type":"page","link":"https:\/\/objetivos.net\/eclipsemental\/pagina-ejemplo\/","title":{"rendered":"Tienda Virtual"},"content":{"rendered":"\n<p>Any est\u00e1 eclipsada mentalmente, pero tambi\u00e9n puede eclipsarte!<\/p>\n\n\n\n<blockquote class=\"wp-block-quote is-layout-flow wp-block-quote-is-layout-flow\">\n<p>Vendo ropa vieja, nueva y la que a\u00fan no fue creada<\/p>\n<\/blockquote>\n\n\n\n<p>\u2026tambi\u00e9n<\/p>\n\n\n\n<figure class=\"wp-block-image size-large\"><img loading=\"lazy\" decoding=\"async\" width=\"759\" height=\"1024\" src=\"https:\/\/objetivos.net\/eclipsemental\/wp-content\/uploads\/2024\/04\/01-759x1024.jpeg\" alt=\"\" class=\"wp-image-14\" srcset=\"https:\/\/objetivos.net\/eclipsemental\/wp-content\/uploads\/2024\/04\/01-759x1024.jpeg 759w, https:\/\/objetivos.net\/eclipsemental\/wp-content\/uploads\/2024\/04\/01-222x300.jpeg 222w, https:\/\/objetivos.net\/eclipsemental\/wp-content\/uploads\/2024\/04\/01-768x1036.jpeg 768w, https:\/\/objetivos.net\/eclipsemental\/wp-content\/uploads\/2024\/04\/01.jpeg 780w\" sizes=\"(max-width: 759px) 100vw, 759px\" \/><\/figure>\n\n\n\n<p>y<\/p>\n\n\n","protected":false},"excerpt":{"rendered":"<p>Any est\u00e1 eclipsada mentalmente, pero tambi\u00e9n puede eclipsarte! Vendo ropa vieja, nueva y la que a\u00fan no fue creada \u2026tambi\u00e9n y<\/p>\n","protected":false},"author":1,"featured_media":0,"parent":0,"menu_order":0,"comment_status":"closed","ping_status":"open","template":"","meta":{"footnotes":""},"_links":{"self":[{"href":"https:\/\/objetivos.net\/eclipsemental\/wp-json\/wp\/v2\/pages\/2"}],"collection":[{"href":"https:\/\/objetivos.net\/eclipsemental\/wp-json\/wp\/v2\/pages"}],"about":[{"href":"https:\/\/objetivos.net\/eclipsemental\/wp-json\/wp\/v2\/types\/page"}],"author":[{"embeddable":true,"href":"https:\/\/objetivos.net\/eclipsemental\/wp-json\/wp\/v2\/users\/1"}],"replies":[{"embeddable":true,"href":"https:\/\/objetivos.net\/eclipsemental\/wp-json\/wp\/v2\/comments?post=2"}],"version-history":[{"count":2,"href":"https:\/\/objetivos.net\/eclipsemental\/wp-json\/wp\/v2\/pages\/2\/revisions"}],"predecessor-version":[{"id":13,"href":"https:\/\/objetivos.net\/eclipsemental\/wp-json\/wp\/v2\/pages\/2\/revisions\/13"}],"wp:attachment":[{"href":"https:\/\/objetivos.net\/eclipsemental\/wp-json\/wp\/v2\/media?parent=2"}],"curies":[{"name":"wp","href":"https:\/\/api.w.org\/{rel}","templated":true}]}}